{"id":90,"date":"2024-05-02T07:22:57","date_gmt":"2024-05-02T07:22:57","guid":{"rendered":"https:\/\/lauvasteja.lv\/?post_type=product&#038;p=90"},"modified":"2025-06-19T10:00:13","modified_gmt":"2025-06-19T07:00:13","slug":"ceilonas-zala-teja-zalais-soursops-100gr","status":"publish","type":"product","link":"https:\/\/lauvasteja.lv\/en\/produkts\/ceilonas-zala-teja-zalais-soursops-100gr\/","title":{"rendered":"Ceylon green tea \"Green soursop\" 100gr"},"content":{"rendered":"<p>Ceilonas liellapu za\u013c\u0101 t\u0113ja &#8220;Za\u013cais Soursops&#8221; ik r\u012btu \u013caus uzs\u0101kt dienu ar mo\u017eu garu un smaidu, t\u0101 it \u012bpa\u0161i gar\u0161os b\u0113rniem! Veidota no augst\u0101k\u0101 labuma Ceilonas lielo lapu za\u013c\u0101s t\u0113jas ar dab\u012bgu soursopa sulu, safloras ziediem, soursopa gabali\u0146iem un \u0101bolu gabali\u0146iem. Auglis soursops satur daudz C vitam\u012bna un antioksidantu.<\/p>\n<h4>Vitam\u012bnu deva ikvien\u0101 t\u0113jas tas\u012bt\u0113<\/h4>\n<p>Vesel\u012bgais auglis soursops ir platlapu, ziedo\u0161a m\u016b\u017eza\u013ca koka auglis. Soursops ir vesel\u012bbas auglis, k\u0101 sast\u0101v\u0101 ir daudz C vitam\u012bna, n\u0101trija, k\u0101lija, miner\u0101lvielu, og\u013chidr\u0101tu un antioksidantu. Soursopa gar\u0161u vislab\u0101k var izskaidrot k\u0101 mango un ananasa gar\u0161u savienojumu. To izmanto tautas medic\u012bn\u0101, k\u0101 ar\u012b soursopa sast\u0101v\u0101 ir daudz vitam\u012bnu, miner\u0101lvielu un antioksidantu, kuri pal\u012bdz uzlabot cilv\u0113ka vesel\u012bbu. Viens soursopa auglis satur 215% no ieteicam\u0101s C vitam\u012bna dienas devas. Soursops pal\u012bdz uzlabot imunit\u0101ti, c\u012bn\u0101s ar nelabv\u0113l\u012bgaj\u0101m bakt\u0113rij\u0101m organism\u0101, k\u0101 ar\u012b var pal\u012bdz\u0113t stabiliz\u0113t cukura l\u012bmeni.<\/p>\n<p>Tas nav auglis, ko vienk\u0101r\u0161i atrad\u012bsiet parast\u0101 p\u0101rtikas veikal\u0101, ta\u010du \u0161o tropisko augli izmanto vis\u0101 pasaul\u0113 gan gatavojot \u0113dienus, gan medic\u012bniskos nol\u016bkos. \u0160is auglis ir ar\u012b izplat\u012bta sast\u0101vda\u013ca svaigu aug\u013cu sulu pagatavo\u0161anai.<\/p>\n<p>Ceilonas liellapu za\u013c\u0101 t\u0113ja &#8220;Za\u013cais Soursops&#8221; sast\u0101v\u0101 eso\u0161ajiem \u0101boliem piem\u012bt daudzas vesel\u012bbu veicino\u0161as \u012bpa\u0161\u012bbas.. Galven\u0101 \u0101bolu v\u0113rt\u012bba ir to sast\u0101v\u0101 eso\u0161\u0101s svar\u012bg\u0101s uzturvielas <b>\u2013 <\/b>\u0161ie aug\u013ci ir \u013coti bag\u0101ti ar da\u017e\u0101diem vesel\u012bbai labv\u0113l\u012bgiem antioksidantiem, no kuriem galvenie ir kateh\u012bni, hlorog\u0113nsk\u0101be un kvercet\u012bns. \u0100bolu sast\u0101v\u0101 ir C vitam\u012bns, kas ir svar\u012bgs im\u016bnsist\u0113mai, anitoksidanti, kas ir nepiecie\u0161ami smadze\u0146u un sirds darb\u012bbai, k\u0101 ar\u012b k\u0101lijs, kas regul\u0113 nervu sist\u0113mu. Viens \u0101bols satur 17% no ieteicam\u0101s \u0161\u0137iedrvielu dienas devas. \u0100boliem ir pier\u0101d\u012bta saist\u012bba ar zem\u0101ku sirds slim\u012bbu risku. Tie satur \u0161\u0137\u012bsto\u0161\u0101s \u0161\u0137iedrvielas, kuras var pal\u012bdz\u0113t pazemin\u0101t holester\u012bna l\u012bmeni asin\u012bs.<\/p>\n<p>Ceilonas liellapu za\u013c\u0101 t\u0113ja &#8220;Za\u013cais Soursops&#8221; satur B1, B2, B3 vitam\u012bnus, magniju un cinku. B grupas vitam\u012bni ir vit\u0101li svar\u012bgi nervu sist\u0113mas uzlabo\u0161anai, smadzen\u0113m un pareizai og\u013chidr\u0101tu mai\u0146ai. Soursopa za\u013c\u0101 t\u0113ja relaks\u0113s un nodro\u0161in\u0101s lielisku nervu vesel\u012bbu!<\/p>\n<p>Soursopa za\u013c\u0101 t\u0113ja ir \u012bpa\u0161a ar t\u0101s gar\u0161u gammu un eksotisko aug\u013cu gar\u0161u. T\u0113ja ar safloras ziediem noteikti j\u0101izm\u0113\u0123ina ikvienam. Uzzini, k\u0101 t\u0101 gar\u0161o, ieg\u0101d\u0101joties un izm\u0113\u0123inot \u0161o atsvaidzino\u0161o t\u0113ju ar soursopa sulu!<\/p>\n<p><span data-sheets-value=\"{&quot;1&quot;:2,&quot;2&quot;:&quot;Za\u013c\u0101 t\u0113ja ar soursopu un kli\u0146\u0123er\u012b\u0161u ziediem Soursops un kli\u0146\u0123er\u012btes ir k\u0101 rad\u012bti, lai lieliski papildin\u0101tu viens otru. Pateicoties klasiskajai un tropiskajai kombin\u0101cijai, \u0161\u012b t\u0113ja gar\u0161os visa vecuma t\u0113jas m\u012b\u013ciem! \u0160\u012b ir augst\u0101k\u0101 labuma Ceilonas lielo lapu za\u013c\u0101 t\u0113ja ar dab\u012bgu soursopa biezin\u0101tu sulu, soursopa un \u0101bolu gabali\u0146iem, kli\u0146\u0123er\u012b\u0161u un safloras ziediem. Soursops ir auglis, kas satur daudz C vitam\u012bna un antioksidantu. P\u0113c gar\u0161as l\u012bdz\u012bgs ananasam vai zemenei. Kli\u0146\u0123er\u012bt\u0113m ir pretiekaisuma un antioksidantu sast\u0101vda\u013cas, kas pal\u012bdz nov\u0113rst v\u0113\u017ea \u0161\u016bnu ra\u0161anos, pasarg\u0101t no sirds slim\u012bb\u0101m un atvieglot musku\u013cu nogurumu.&quot;}\" data-sheets-userformat=\"{&quot;2&quot;:1021,&quot;3&quot;:{&quot;1&quot;:0},&quot;5&quot;:{&quot;1&quot;:[{&quot;1&quot;:2,&quot;2&quot;:0,&quot;5&quot;:[null,2,0]},{&quot;1&quot;:0,&quot;2&quot;:0,&quot;3&quot;:3},{&quot;1&quot;:1,&quot;2&quot;:0,&quot;4&quot;:1}]},&quot;6&quot;:{&quot;1&quot;:[{&quot;1&quot;:2,&quot;2&quot;:0,&quot;5&quot;:[null,2,0]},{&quot;1&quot;:0,&quot;2&quot;:0,&quot;3&quot;:3},{&quot;1&quot;:1,&quot;2&quot;:0,&quot;4&quot;:1}]},&quot;7&quot;:{&quot;1&quot;:[{&quot;1&quot;:2,&quot;2&quot;:0,&quot;5&quot;:[null,2,0]},{&quot;1&quot;:0,&quot;2&quot;:0,&quot;3&quot;:3},{&quot;1&quot;:1,&quot;2&quot;:0,&quot;4&quot;:1}]},&quot;8&quot;:{&quot;1&quot;:[{&quot;1&quot;:2,&quot;2&quot;:0,&quot;5&quot;:[null,2,0]},{&quot;1&quot;:0,&quot;2&quot;:0,&quot;3&quot;:3},{&quot;1&quot;:1,&quot;2&quot;:0,&quot;4&quot;:1}]},&quot;9&quot;:1,&quot;10&quot;:1,&quot;11&quot;:4,&quot;12&quot;:0}\">Ieg\u0101d\u0101jies ar\u012b vesel\u012bbai v\u0113rt\u012bgu un gardu <a href=\"\/?product_cat=lauvas-teja-davanu-komplekti\">t\u0113ju komplektus<\/a>, lai palutin\u0101tu savus m\u012b\u013cos.<\/span><\/p>\n<p>&nbsp;<\/p>\n<p>Pagatavo\u0161ana uz 200 ml:<\/p>\n<p>Puse no t\u0113jkarotes<br \/>\n80\u201385 \u00b0C \u016bdens<br \/>\n2\u20133 min ievilk\u0161an\u0101s laiks<br \/>\n2\u20133 uzl\u0113jumi<br \/>\nUzglab\u0101t saus\u0101, v\u0113s\u0101 viet\u0101.<\/p>\n","protected":false},"excerpt":{"rendered":"<p>Augst\u0101k\u0101 labuma Ceilonas lielo lapu za\u013c\u0101 t\u0113ja ar dab\u012bgu soursopa biezin\u0101tu sulu, safloras ziediem un gardiem soursopa un \u0101bolu gabali\u0146iem. Soursops ir vesel\u012bbas auglis, p\u0113c gar\u0161as l\u012bdz\u012bgs ananasam vai zemenei. \u0160\u012b t\u0113ja sp\u0113j samazin\u0101t holester\u012bnu un uzlabot vesel\u012bbu. <span data-sheets-value=\"{&quot;1&quot;:2,&quot;2&quot;:&quot;Za\u013c\u0101 t\u0113ja ar soursopu un kli\u0146\u0123er\u012b\u0161u ziediem Soursops un kli\u0146\u0123er\u012btes ir k\u0101 rad\u012bti, lai lieliski papildin\u0101tu viens otru. Pateicoties klasiskajai un tropiskajai kombin\u0101cijai, \u0161\u012b t\u0113ja gar\u0161os visa vecuma t\u0113jas m\u012b\u013ciem! \u0160\u012b ir augst\u0101k\u0101 labuma Ceilonas lielo lapu za\u013c\u0101 t\u0113ja ar dab\u012bgu soursopa biezin\u0101tu sulu, soursopa un \u0101bolu gabali\u0146iem, kli\u0146\u0123er\u012b\u0161u un safloras ziediem. Soursops ir auglis, kas satur daudz C vitam\u012bna un antioksidantu. P\u0113c gar\u0161as l\u012bdz\u012bgs ananasam vai zemenei. Kli\u0146\u0123er\u012bt\u0113m ir pretiekaisuma un antioksidantu sast\u0101vda\u013cas, kas pal\u012bdz nov\u0113rst v\u0113\u017ea \u0161\u016bnu ra\u0161anos, pasarg\u0101t no sirds slim\u012bb\u0101m un atvieglot musku\u013cu nogurumu.&quot;}\" data-sheets-userformat=\"{&quot;2&quot;:1021,&quot;3&quot;:{&quot;1&quot;:0},&quot;5&quot;:{&quot;1&quot;:[{&quot;1&quot;:2,&quot;2&quot;:0,&quot;5&quot;:[null,2,0]},{&quot;1&quot;:0,&quot;2&quot;:0,&quot;3&quot;:3},{&quot;1&quot;:1,&quot;2&quot;:0,&quot;4&quot;:1}]},&quot;6&quot;:{&quot;1&quot;:[{&quot;1&quot;:2,&quot;2&quot;:0,&quot;5&quot;:[null,2,0]},{&quot;1&quot;:0,&quot;2&quot;:0,&quot;3&quot;:3},{&quot;1&quot;:1,&quot;2&quot;:0,&quot;4&quot;:1}]},&quot;7&quot;:{&quot;1&quot;:[{&quot;1&quot;:2,&quot;2&quot;:0,&quot;5&quot;:[null,2,0]},{&quot;1&quot;:0,&quot;2&quot;:0,&quot;3&quot;:3},{&quot;1&quot;:1,&quot;2&quot;:0,&quot;4&quot;:1}]},&quot;8&quot;:{&quot;1&quot;:[{&quot;1&quot;:2,&quot;2&quot;:0,&quot;5&quot;:[null,2,0]},{&quot;1&quot;:0,&quot;2&quot;:0,&quot;3&quot;:3},{&quot;1&quot;:1,&quot;2&quot;:0,&quot;4&quot;:1}]},&quot;9&quot;:1,&quot;10&quot;:1,&quot;11&quot;:4,&quot;12&quot;:0}\">Izbaudi gar\u0161as un smar\u017eas bu\u0137eti katr\u0101 malk\u0101!<\/span><\/p>\n","protected":false},"featured_media":27903,"comment_status":"open","ping_status":"closed","template":"","meta":[],"product_brand":[],"product_cat":[143,26],"product_tag":[23,32,29],"giftcard-category":[],"class_list":{"0":"post-90","1":"product","2":"type-product","3":"status-publish","4":"has-post-thumbnail","6":"product_cat-visas-tejas","7":"product_cat-zala-teja","8":"product_tag-ceilonas-teja","9":"product_tag-teja-ar-soursopu","10":"product_tag-zala-teja","12":"first","13":"outofstock","14":"featured","15":"taxable","16":"shipping-taxable","17":"purchasable","18":"product-type-simple"},"yoast_head":"<!-- This site is optimized with the Yoast SEO plugin v26.9 - https:\/\/yoast.com\/product\/yoast-seo-wordpress\/ -->\n<title>Ceilonas Liellapu Za\u013c\u0101 T\u0113ja &quot;Za\u013cais soursops&quot; | Online Veikals | Lauvas t\u0113ja<\/title>\n<meta name=\"description\" content=\"Ceilonas liellapu za\u013c\u0101 t\u0113ja &quot;Za\u013cais soursops&quot; ar soursopu, \u0101boliem un safloras ziediem. Satur daudz C vitam\u012bna un antioksidantu.\" \/>\n<meta name=\"robots\" content=\"index, follow, max-snippet:-1, max-image-preview:large, max-video-preview:-1\" \/>\n<link rel=\"canonical\" href=\"https:\/\/lauvasteja.lv\/en\/produkts\/ceilonas-zala-teja-zalais-soursops-100gr\/\" \/>\n<meta property=\"og:locale\" content=\"en_US\" \/>\n<meta property=\"og:type\" content=\"article\" \/>\n<meta property=\"og:title\" content=\"Ceilonas Liellapu Za\u013c\u0101 T\u0113ja &quot;Za\u013cais soursops&quot; | Online Veikals | Lauvas t\u0113ja\" \/>\n<meta property=\"og:description\" content=\"Ceilonas liellapu za\u013c\u0101 t\u0113ja &quot;Za\u013cais soursops&quot; ar soursopu, \u0101boliem un safloras ziediem. Satur daudz C vitam\u012bna un antioksidantu.\" \/>\n<meta property=\"og:url\" content=\"https:\/\/lauvasteja.lv\/en\/produkts\/ceilonas-zala-teja-zalais-soursops-100gr\/\" \/>\n<meta property=\"og:site_name\" content=\"Premium Klases Ceilonas T\u0113jas - Lauvas t\u0113ja\" \/>\n<meta property=\"article:modified_time\" content=\"2025-06-19T07:00:13+00:00\" \/>\n<meta property=\"og:image\" content=\"https:\/\/lauvasteja.lv\/wp-content\/uploads\/2024\/07\/Lauvas-teja-13-of-56.jpg\" \/>\n\t<meta property=\"og:image:width\" content=\"1667\" \/>\n\t<meta property=\"og:image:height\" content=\"2500\" \/>\n\t<meta property=\"og:image:type\" content=\"image\/jpeg\" \/>\n<meta name=\"twitter:card\" content=\"summary_large_image\" \/>\n<meta name=\"twitter:label1\" content=\"Est. reading time\" \/>\n\t<meta name=\"twitter:data1\" content=\"3 minutes\" \/>\n<script type=\"application\/ld+json\" class=\"yoast-schema-graph\">{\"@context\":\"https:\/\/schema.org\",\"@graph\":[{\"@type\":\"WebPage\",\"@id\":\"https:\/\/lauvasteja.lv\/produkts\/ceilonas-zala-teja-zalais-soursops-100gr\/\",\"url\":\"https:\/\/lauvasteja.lv\/produkts\/ceilonas-zala-teja-zalais-soursops-100gr\/\",\"name\":\"Ceilonas Liellapu Za\u013c\u0101 T\u0113ja \\\"Za\u013cais soursops\\\" | Online Veikals | Lauvas t\u0113ja\",\"isPartOf\":{\"@id\":\"https:\/\/lauvasteja.lv\/#website\"},\"primaryImageOfPage\":{\"@id\":\"https:\/\/lauvasteja.lv\/produkts\/ceilonas-zala-teja-zalais-soursops-100gr\/#primaryimage\"},\"image\":{\"@id\":\"https:\/\/lauvasteja.lv\/produkts\/ceilonas-zala-teja-zalais-soursops-100gr\/#primaryimage\"},\"thumbnailUrl\":\"https:\/\/lauvasteja.lv\/wp-content\/uploads\/2024\/07\/Lauvas-teja-13-of-56.jpg\",\"datePublished\":\"2024-05-02T07:22:57+00:00\",\"dateModified\":\"2025-06-19T07:00:13+00:00\",\"description\":\"Ceilonas liellapu za\u013c\u0101 t\u0113ja \\\"Za\u013cais soursops\\\" ar soursopu, \u0101boliem un safloras ziediem. Satur daudz C vitam\u012bna un antioksidantu.\",\"breadcrumb\":{\"@id\":\"https:\/\/lauvasteja.lv\/produkts\/ceilonas-zala-teja-zalais-soursops-100gr\/#breadcrumb\"},\"inLanguage\":\"en-US\",\"potentialAction\":[{\"@type\":\"ReadAction\",\"target\":[\"https:\/\/lauvasteja.lv\/produkts\/ceilonas-zala-teja-zalais-soursops-100gr\/\"]}]},{\"@type\":\"ImageObject\",\"inLanguage\":\"en-US\",\"@id\":\"https:\/\/lauvasteja.lv\/produkts\/ceilonas-zala-teja-zalais-soursops-100gr\/#primaryimage\",\"url\":\"https:\/\/lauvasteja.lv\/wp-content\/uploads\/2024\/07\/Lauvas-teja-13-of-56.jpg\",\"contentUrl\":\"https:\/\/lauvasteja.lv\/wp-content\/uploads\/2024\/07\/Lauvas-teja-13-of-56.jpg\",\"width\":1667,\"height\":2500},{\"@type\":\"BreadcrumbList\",\"@id\":\"https:\/\/lauvasteja.lv\/produkts\/ceilonas-zala-teja-zalais-soursops-100gr\/#breadcrumb\",\"itemListElement\":[{\"@type\":\"ListItem\",\"position\":1,\"name\":\"Home\",\"item\":\"https:\/\/lauvasteja.lv\/\"},{\"@type\":\"ListItem\",\"position\":2,\"name\":\"Veikals\",\"item\":\"https:\/\/lauvasteja.lv\/ceilonas-tejas-veikals\/\"},{\"@type\":\"ListItem\",\"position\":3,\"name\":\"Ceilonas za\u013c\u0101 t\u0113ja &#8220;Za\u013cais soursops&#8221; 100gr\"}]},{\"@type\":\"WebSite\",\"@id\":\"https:\/\/lauvasteja.lv\/#website\",\"url\":\"https:\/\/lauvasteja.lv\/\",\"name\":\"Premium Klases Ceilonas T\u0113jas - Lauvas t\u0113ja\",\"description\":\"Premium klases ceilonas t\u0113jas\",\"publisher\":{\"@id\":\"https:\/\/lauvasteja.lv\/#organization\"},\"potentialAction\":[{\"@type\":\"SearchAction\",\"target\":{\"@type\":\"EntryPoint\",\"urlTemplate\":\"https:\/\/lauvasteja.lv\/?s={search_term_string}\"},\"query-input\":{\"@type\":\"PropertyValueSpecification\",\"valueRequired\":true,\"valueName\":\"search_term_string\"}}],\"inLanguage\":\"en-US\"},{\"@type\":\"Organization\",\"@id\":\"https:\/\/lauvasteja.lv\/#organization\",\"name\":\"Premium Klases Ceilonas T\u0113jas - Lauvas t\u0113ja\",\"url\":\"https:\/\/lauvasteja.lv\/\",\"logo\":{\"@type\":\"ImageObject\",\"inLanguage\":\"en-US\",\"@id\":\"https:\/\/lauvasteja.lv\/#\/schema\/logo\/image\/\",\"url\":\"https:\/\/lauvasteja.lv\/wp-content\/uploads\/2024\/05\/logucis.png\",\"contentUrl\":\"https:\/\/lauvasteja.lv\/wp-content\/uploads\/2024\/05\/logucis.png\",\"width\":1000,\"height\":1000,\"caption\":\"Premium Klases Ceilonas T\u0113jas - Lauvas t\u0113ja\"},\"image\":{\"@id\":\"https:\/\/lauvasteja.lv\/#\/schema\/logo\/image\/\"}}]}<\/script>\n<!-- \/ Yoast SEO plugin. -->","yoast_head_json":{"title":"Ceilonas Liellapu Za\u013c\u0101 T\u0113ja \"Za\u013cais soursops\" | Online Veikals | Lauvas t\u0113ja","description":"Ceilonas liellapu za\u013c\u0101 t\u0113ja \"Za\u013cais soursops\" ar soursopu, \u0101boliem un safloras ziediem. Satur daudz C vitam\u012bna un antioksidantu.","robots":{"index":"index","follow":"follow","max-snippet":"max-snippet:-1","max-image-preview":"max-image-preview:large","max-video-preview":"max-video-preview:-1"},"canonical":"https:\/\/lauvasteja.lv\/en\/produkts\/ceilonas-zala-teja-zalais-soursops-100gr\/","og_locale":"en_US","og_type":"article","og_title":"Ceilonas Liellapu Za\u013c\u0101 T\u0113ja \"Za\u013cais soursops\" | Online Veikals | Lauvas t\u0113ja","og_description":"Ceilonas liellapu za\u013c\u0101 t\u0113ja \"Za\u013cais soursops\" ar soursopu, \u0101boliem un safloras ziediem. Satur daudz C vitam\u012bna un antioksidantu.","og_url":"https:\/\/lauvasteja.lv\/en\/produkts\/ceilonas-zala-teja-zalais-soursops-100gr\/","og_site_name":"Premium Klases Ceilonas T\u0113jas - Lauvas t\u0113ja","article_modified_time":"2025-06-19T07:00:13+00:00","og_image":[{"width":1667,"height":2500,"url":"https:\/\/lauvasteja.lv\/wp-content\/uploads\/2024\/07\/Lauvas-teja-13-of-56.jpg","type":"image\/jpeg"}],"twitter_card":"summary_large_image","twitter_misc":{"Est. reading time":"3 minutes"},"schema":{"@context":"https:\/\/schema.org","@graph":[{"@type":"WebPage","@id":"https:\/\/lauvasteja.lv\/produkts\/ceilonas-zala-teja-zalais-soursops-100gr\/","url":"https:\/\/lauvasteja.lv\/produkts\/ceilonas-zala-teja-zalais-soursops-100gr\/","name":"Ceilonas Liellapu Za\u013c\u0101 T\u0113ja \"Za\u013cais soursops\" | Online Veikals | Lauvas t\u0113ja","isPartOf":{"@id":"https:\/\/lauvasteja.lv\/#website"},"primaryImageOfPage":{"@id":"https:\/\/lauvasteja.lv\/produkts\/ceilonas-zala-teja-zalais-soursops-100gr\/#primaryimage"},"image":{"@id":"https:\/\/lauvasteja.lv\/produkts\/ceilonas-zala-teja-zalais-soursops-100gr\/#primaryimage"},"thumbnailUrl":"https:\/\/lauvasteja.lv\/wp-content\/uploads\/2024\/07\/Lauvas-teja-13-of-56.jpg","datePublished":"2024-05-02T07:22:57+00:00","dateModified":"2025-06-19T07:00:13+00:00","description":"Ceilonas liellapu za\u013c\u0101 t\u0113ja \"Za\u013cais soursops\" ar soursopu, \u0101boliem un safloras ziediem. Satur daudz C vitam\u012bna un antioksidantu.","breadcrumb":{"@id":"https:\/\/lauvasteja.lv\/produkts\/ceilonas-zala-teja-zalais-soursops-100gr\/#breadcrumb"},"inLanguage":"en-US","potentialAction":[{"@type":"ReadAction","target":["https:\/\/lauvasteja.lv\/produkts\/ceilonas-zala-teja-zalais-soursops-100gr\/"]}]},{"@type":"ImageObject","inLanguage":"en-US","@id":"https:\/\/lauvasteja.lv\/produkts\/ceilonas-zala-teja-zalais-soursops-100gr\/#primaryimage","url":"https:\/\/lauvasteja.lv\/wp-content\/uploads\/2024\/07\/Lauvas-teja-13-of-56.jpg","contentUrl":"https:\/\/lauvasteja.lv\/wp-content\/uploads\/2024\/07\/Lauvas-teja-13-of-56.jpg","width":1667,"height":2500},{"@type":"BreadcrumbList","@id":"https:\/\/lauvasteja.lv\/produkts\/ceilonas-zala-teja-zalais-soursops-100gr\/#breadcrumb","itemListElement":[{"@type":"ListItem","position":1,"name":"Home","item":"https:\/\/lauvasteja.lv\/"},{"@type":"ListItem","position":2,"name":"Veikals","item":"https:\/\/lauvasteja.lv\/ceilonas-tejas-veikals\/"},{"@type":"ListItem","position":3,"name":"Ceilonas za\u013c\u0101 t\u0113ja &#8220;Za\u013cais soursops&#8221; 100gr"}]},{"@type":"WebSite","@id":"https:\/\/lauvasteja.lv\/#website","url":"https:\/\/lauvasteja.lv\/","name":"Premium Ceylon Teas - Lion Tea","description":"Premium Ceylon teas","publisher":{"@id":"https:\/\/lauvasteja.lv\/#organization"},"potentialAction":[{"@type":"SearchAction","target":{"@type":"EntryPoint","urlTemplate":"https:\/\/lauvasteja.lv\/?s={search_term_string}"},"query-input":{"@type":"PropertyValueSpecification","valueRequired":true,"valueName":"search_term_string"}}],"inLanguage":"en-US"},{"@type":"Organization","@id":"https:\/\/lauvasteja.lv\/#organization","name":"Premium Ceylon Teas - Lion Tea","url":"https:\/\/lauvasteja.lv\/","logo":{"@type":"ImageObject","inLanguage":"en-US","@id":"https:\/\/lauvasteja.lv\/#\/schema\/logo\/image\/","url":"https:\/\/lauvasteja.lv\/wp-content\/uploads\/2024\/05\/logucis.png","contentUrl":"https:\/\/lauvasteja.lv\/wp-content\/uploads\/2024\/05\/logucis.png","width":1000,"height":1000,"caption":"Premium Klases Ceilonas T\u0113jas - Lauvas t\u0113ja"},"image":{"@id":"https:\/\/lauvasteja.lv\/#\/schema\/logo\/image\/"}}]}},"_links":{"self":[{"href":"https:\/\/lauvasteja.lv\/en\/wp-json\/wp\/v2\/product\/90","targetHints":{"allow":["GET"]}}],"collection":[{"href":"https:\/\/lauvasteja.lv\/en\/wp-json\/wp\/v2\/product"}],"about":[{"href":"https:\/\/lauvasteja.lv\/en\/wp-json\/wp\/v2\/types\/product"}],"replies":[{"embeddable":true,"href":"https:\/\/lauvasteja.lv\/en\/wp-json\/wp\/v2\/comments?post=90"}],"version-history":[{"count":1,"href":"https:\/\/lauvasteja.lv\/en\/wp-json\/wp\/v2\/product\/90\/revisions"}],"predecessor-version":[{"id":27946,"href":"https:\/\/lauvasteja.lv\/en\/wp-json\/wp\/v2\/product\/90\/revisions\/27946"}],"wp:featuredmedia":[{"embeddable":true,"href":"https:\/\/lauvasteja.lv\/en\/wp-json\/wp\/v2\/media\/27903"}],"wp:attachment":[{"href":"https:\/\/lauvasteja.lv\/en\/wp-json\/wp\/v2\/media?parent=90"}],"wp:term":[{"taxonomy":"product_brand","embeddable":true,"href":"https:\/\/lauvasteja.lv\/en\/wp-json\/wp\/v2\/product_brand?post=90"},{"taxonomy":"product_cat","embeddable":true,"href":"https:\/\/lauvasteja.lv\/en\/wp-json\/wp\/v2\/product_cat?post=90"},{"taxonomy":"product_tag","embeddable":true,"href":"https:\/\/lauvasteja.lv\/en\/wp-json\/wp\/v2\/product_tag?post=90"},{"taxonomy":"giftcard-category","embeddable":true,"href":"https:\/\/lauvasteja.lv\/en\/wp-json\/wp\/v2\/giftcard-category?post=90"}],"curies":[{"name":"wp","href":"https:\/\/api.w.org\/{rel}","templated":true}]}}